{"id":299,"date":"2023-05-30T20:08:53","date_gmt":"2023-05-31T01:08:53","guid":{"rendered":"https:\/\/vithi.com.co\/?page_id=299"},"modified":"2023-05-31T12:42:12","modified_gmt":"2023-05-31T17:42:12","slug":"nosotros","status":"publish","type":"page","link":"https:\/\/vithi.com.co\/?page_id=299","title":{"rendered":"Nosotros"},"content":{"rendered":"\t\t<div data-elementor-type=\"wp-page\" data-elementor-id=\"299\" class=\"elementor elementor-299\">\n\t\t\t\t\t\t\t\t\t<section class=\"elementor-section elementor-top-section elementor-element elementor-element-b95b2e5 elementor-section-boxed elementor-section-height-default elementor-section-height-default\" data-id=\"b95b2e5\" data-element_type=\"section\">\n\t\t\t\t\t\t<div class=\"elementor-container elementor-column-gap-default\">\n\t\t\t\t\t<div class=\"elementor-column elementor-col-100 elementor-top-column elementor-element elementor-element-94c7b7a\" data-id=\"94c7b7a\" data-element_type=\"column\">\n\t\t\t<div class=\"elementor-widget-wrap elementor-element-populated\">\n\t\t\t\t\t\t\t\t<div class=\"elementor-element elementor-element-c7c8147 elementor-widget elementor-widget-heading\" data-id=\"c7c8147\" data-element_type=\"widget\" data-widget_type=\"heading.default\">\n\t\t\t\t<div class=\"elementor-widget-container\">\n\t\t\t<style>\/*! elementor - v3.12.1 - 02-04-2023 *\/\n.elementor-heading-title{padding:0;margin:0;line-height:1}.elementor-widget-heading .elementor-heading-title[class*=elementor-size-]>a{color:inherit;font-size:inherit;line-height:inherit}.elementor-widget-heading .elementor-heading-title.elementor-size-small{font-size:15px}.elementor-widget-heading .elementor-heading-title.elementor-size-medium{font-size:19px}.elementor-widget-heading .elementor-heading-title.elementor-size-large{font-size:29px}.elementor-widget-heading .elementor-heading-title.elementor-size-xl{font-size:39px}.elementor-widget-heading .elementor-heading-title.elementor-size-xxl{font-size:59px}<\/style><h2 class=\"elementor-heading-title elementor-size-default\">\u00bfQui\u00e9nes somos?<\/h2>\t\t<\/div>\n\t\t\t\t<\/div>\n\t\t\t\t\t<\/div>\n\t\t<\/div>\n\t\t\t\t\t\t\t<\/div>\n\t\t<\/section>\n\t\t\t\t<section class=\"elementor-section elementor-top-section elementor-element elementor-element-e7509c9 elementor-section-boxed elementor-section-height-default elementor-section-height-default\" data-id=\"e7509c9\" data-element_type=\"section\">\n\t\t\t\t\t\t<div class=\"elementor-container elementor-column-gap-default\">\n\t\t\t\t\t<div class=\"elementor-column elementor-col-50 elementor-top-column elementor-element elementor-element-b9782d3\" data-id=\"b9782d3\" data-element_type=\"column\">\n\t\t\t<div class=\"elementor-widget-wrap elementor-element-populated\">\n\t\t\t\t\t\t\t\t<div class=\"elementor-element elementor-element-ff14a30 elementor-widget elementor-widget-text-editor\" data-id=\"ff14a30\" data-element_type=\"widget\" data-widget_type=\"text-editor.default\">\n\t\t\t\t<div class=\"elementor-widget-container\">\n\t\t\t<style>\/*! elementor - v3.12.1 - 02-04-2023 *\/\n.elementor-widget-text-editor.elementor-drop-cap-view-stacked .elementor-drop-cap{background-color:#69727d;color:#fff}.elementor-widget-text-editor.elementor-drop-cap-view-framed .elementor-drop-cap{color:#69727d;border:3px solid;background-color:transparent}.elementor-widget-text-editor:not(.elementor-drop-cap-view-default) .elementor-drop-cap{margin-top:8px}.elementor-widget-text-editor:not(.elementor-drop-cap-view-default) .elementor-drop-cap-letter{width:1em;height:1em}.elementor-widget-text-editor .elementor-drop-cap{float:left;text-align:center;line-height:1;font-size:50px}.elementor-widget-text-editor .elementor-drop-cap-letter{display:inline-block}<\/style>\t\t\t\t<p>\u00a0<\/p><p>\u00a0<\/p><p><strong>Vithi Activewear<\/strong> fue creada en el a\u00f1o 2019 por Sara Ricardo, una mujer madre de dos hermosos ni\u00f1os, apasionada por el deporte y la moda quien junto\u2019 parte de sus dos pasiones y vio la necesidad de crear esta marca que trae consigo el nombre de sus hijos Victoria y Thiago.<\/p><p>Nuestras prendas est\u00e1n creadas y dise\u00f1adas para que al momento de entrenar o hacer tu actividad f\u00edsica te sientas c\u00f3moda, fresca y, sobre todo, luciendo hermosa y a la moda, con est\u00e1ndares de horma ideales para resaltar tu figura.<\/p>\t\t\t\t\t\t<\/div>\n\t\t\t\t<\/div>\n\t\t\t\t\t<\/div>\n\t\t<\/div>\n\t\t\t\t<div class=\"elementor-column elementor-col-50 elementor-top-column elementor-element elementor-element-387688a\" data-id=\"387688a\" data-element_type=\"column\">\n\t\t\t<div class=\"elementor-widget-wrap elementor-element-populated\">\n\t\t\t\t\t\t\t\t<div class=\"elementor-element elementor-element-0d8e647 elementor-widget elementor-widget-image\" data-id=\"0d8e647\" data-element_type=\"widget\" data-widget_type=\"image.default\">\n\t\t\t\t<div class=\"elementor-widget-container\">\n\t\t\t<style>\/*! elementor - v3.12.1 - 02-04-2023 *\/\n.elementor-widget-image{text-align:center}.elementor-widget-image a{display:inline-block}.elementor-widget-image a img[src$=\".svg\"]{width:48px}.elementor-widget-image img{vertical-align:middle;display:inline-block}<\/style>\t\t\t\t\t\t\t\t\t\t\t\t<img decoding=\"async\" width=\"768\" height=\"1024\" src=\"https:\/\/vithi.com.co\/wp-content\/uploads\/2023\/05\/WhatsApp-Image-2023-05-30-at-8.10.34-PM-768x1024.jpeg\" class=\"attachment-medium_large size-medium_large wp-image-301\" alt=\"\" loading=\"lazy\" srcset=\"https:\/\/vithi.com.co\/wp-content\/uploads\/2023\/05\/WhatsApp-Image-2023-05-30-at-8.10.34-PM-768x1024.jpeg 768w, https:\/\/vithi.com.co\/wp-content\/uploads\/2023\/05\/WhatsApp-Image-2023-05-30-at-8.10.34-PM-225x300.jpeg 225w, https:\/\/vithi.com.co\/wp-content\/uploads\/2023\/05\/WhatsApp-Image-2023-05-30-at-8.10.34-PM-920x1227.jpeg 920w, https:\/\/vithi.com.co\/wp-content\/uploads\/2023\/05\/WhatsApp-Image-2023-05-30-at-8.10.34-PM-575x767.jpeg 575w, https:\/\/vithi.com.co\/wp-content\/uploads\/2023\/05\/WhatsApp-Image-2023-05-30-at-8.10.34-PM-380x507.jpeg 380w, https:\/\/vithi.com.co\/wp-content\/uploads\/2023\/05\/WhatsApp-Image-2023-05-30-at-8.10.34-PM-800x1067.jpeg 800w, https:\/\/vithi.com.co\/wp-content\/uploads\/2023\/05\/WhatsApp-Image-2023-05-30-at-8.10.34-PM.jpeg 960w\" sizes=\"(max-width: 768px) 100vw, 768px\" \/>\t\t\t\t\t\t\t\t\t\t\t\t\t\t\t<\/div>\n\t\t\t\t<\/div>\n\t\t\t\t\t<\/div>\n\t\t<\/div>\n\t\t\t\t\t\t\t<\/div>\n\t\t<\/section>\n\t\t\t\t<section class=\"elementor-section elementor-top-section elementor-element elementor-element-02e8481 elementor-section-boxed elementor-section-height-default elementor-section-height-default\" data-id=\"02e8481\" data-element_type=\"section\">\n\t\t\t\t\t\t<div class=\"elementor-container elementor-column-gap-default\">\n\t\t\t\t\t<div class=\"elementor-column elementor-col-50 elementor-top-column elementor-element elementor-element-1a29ed8\" data-id=\"1a29ed8\" data-element_type=\"column\">\n\t\t\t<div class=\"elementor-widget-wrap elementor-element-populated\">\n\t\t\t\t\t\t\t\t<div class=\"elementor-element elementor-element-8513324 elementor-widget elementor-widget-heading\" data-id=\"8513324\" data-element_type=\"widget\" data-widget_type=\"heading.default\">\n\t\t\t\t<div class=\"elementor-widget-container\">\n\t\t\t<h2 class=\"elementor-heading-title elementor-size-default\">Misi\u00f3n<\/h2>\t\t<\/div>\n\t\t\t\t<\/div>\n\t\t\t\t<div class=\"elementor-element elementor-element-ea0d895 elementor-widget elementor-widget-text-editor\" data-id=\"ea0d895\" data-element_type=\"widget\" data-widget_type=\"text-editor.default\">\n\t\t\t\t<div class=\"elementor-widget-container\">\n\t\t\t\t\t\t\t<p>En Vithi nos apasionamos por crear prendas que nos hagan lucir y sentir hermosas.\u00a0<span style=\"color: var( --e-global-color-text ); font-family: var( --e-global-typography-text-font-family ), Sans-serif; font-weight: var( --e-global-typography-text-font-weight ); letter-spacing: 0px;\">Creamos Outfits que te acompa\u00f1aran en tu d\u00eda a d\u00eda, para que luzcan siempre c\u00f3moda, fresca y\u00a0<\/span><span style=\"color: var( --e-global-color-text ); font-family: var( --e-global-typography-text-font-family ), Sans-serif; font-weight: var( --e-global-typography-text-font-weight ); letter-spacing: 0px;\">tranquila.\u00a0<\/span><\/p><p><span style=\"color: var( --e-global-color-text ); font-family: var( --e-global-typography-text-font-family ), Sans-serif; font-weight: var( --e-global-typography-text-font-weight ); letter-spacing: 0px;\">Por esta raz\u00f3n nuestras prendas son el complemento ideal para hacer de tus d\u00edas m\u00e1s felices y\u00a0<\/span><span style=\"color: var( --e-global-color-text ); font-family: var( --e-global-typography-text-font-family ), Sans-serif; font-weight: var( --e-global-typography-text-font-weight ); letter-spacing: 0px;\">sobre todo, tengas un motivo m\u00e1s para salir y moverte.<\/span><\/p>\t\t\t\t\t\t<\/div>\n\t\t\t\t<\/div>\n\t\t\t\t\t<\/div>\n\t\t<\/div>\n\t\t\t\t<div class=\"elementor-column elementor-col-50 elementor-top-column elementor-element elementor-element-2f585c5\" data-id=\"2f585c5\" data-element_type=\"column\">\n\t\t\t<div class=\"elementor-widget-wrap elementor-element-populated\">\n\t\t\t\t\t\t\t\t<div class=\"elementor-element elementor-element-55e2429 elementor-widget elementor-widget-heading\" data-id=\"55e2429\" data-element_type=\"widget\" data-widget_type=\"heading.default\">\n\t\t\t\t<div class=\"elementor-widget-container\">\n\t\t\t<h2 class=\"elementor-heading-title elementor-size-default\">Visi\u00f3n<\/h2>\t\t<\/div>\n\t\t\t\t<\/div>\n\t\t\t\t<div class=\"elementor-element elementor-element-d41b829 elementor-widget elementor-widget-text-editor\" data-id=\"d41b829\" data-element_type=\"widget\" data-widget_type=\"text-editor.default\">\n\t\t\t\t<div class=\"elementor-widget-container\">\n\t\t\t\t\t\t\t<p>Creamos prendas para hacerte la vida m\u00e1s f\u00e1cil, para que te sientas y te veas cada d\u00eda radiante,\u00a0<span style=\"color: var( --e-global-color-text ); font-family: var( --e-global-typography-text-font-family ), Sans-serif; font-weight: var( --e-global-typography-text-font-weight ); letter-spacing: 0px;\">que inicies tus d\u00edas con un prop\u00f3sito y al final sientas la satisfacci\u00f3n de tus logros.<\/span><\/p><p><span style=\"color: var( --e-global-color-text ); font-family: var( --e-global-typography-text-font-family ), Sans-serif; font-weight: var( --e-global-typography-text-font-weight ); letter-spacing: 0px;\">Nuestros dise\u00f1os son creados para mujeres que le ponen determinaci\u00f3n y actitud a sus d\u00edas, que\u00a0<\/span><span style=\"color: var( --e-global-color-text ); font-family: var( --e-global-typography-text-font-family ), Sans-serif; font-weight: var( --e-global-typography-text-font-weight ); letter-spacing: 0px;\">buscan estilo y comodidad, brind\u00e1ndote la confianza que necesitas.\u00a0<\/span><span style=\"color: var( --e-global-color-text ); font-family: var( --e-global-typography-text-font-family ), Sans-serif; font-weight: var( --e-global-typography-text-font-weight ); letter-spacing: 0px;\">Pero sobre todo queremos verte feliz.<\/span><\/p>\t\t\t\t\t\t<\/div>\n\t\t\t\t<\/div>\n\t\t\t\t\t<\/div>\n\t\t<\/div>\n\t\t\t\t\t\t\t<\/div>\n\t\t<\/section>\n\t\t\t\t\t\t\t<\/div>\n\t\t","protected":false},"excerpt":{"rendered":"<p>\u00bfQui\u00e9nes somos? \u00a0 \u00a0 Vithi Activewear fue creada en el a\u00f1o 2019 por Sara Ricardo, una mujer madre de dos hermosos ni\u00f1os, apasionada por el deporte y la moda quien [&hellip;]<\/p>\n","protected":false},"author":1,"featured_media":0,"parent":0,"menu_order":0,"comment_status":"closed","ping_status":"closed","template":"","meta":[],"yoast_head":"<!-- This site is optimized with the Yoast SEO plugin v21.1 - https:\/\/yoast.com\/wordpress\/plugins\/seo\/ -->\n<title>Nosotros - vithi.com.co<\/title>\n<meta name=\"robots\" content=\"index, follow, max-snippet:-1, max-image-preview:large, max-video-preview:-1\" \/>\n<link rel=\"canonical\" href=\"https:\/\/vithi.com.co\/?page_id=299\" \/>\n<meta property=\"og:locale\" content=\"es_ES\" \/>\n<meta property=\"og:type\" content=\"article\" \/>\n<meta property=\"og:title\" content=\"Nosotros - vithi.com.co\" \/>\n<meta property=\"og:description\" content=\"\u00bfQui\u00e9nes somos? \u00a0 \u00a0 Vithi Activewear fue creada en el a\u00f1o 2019 por Sara Ricardo, una mujer madre de dos hermosos ni\u00f1os, apasionada por el deporte y la moda quien [&hellip;]\" \/>\n<meta property=\"og:url\" content=\"https:\/\/vithi.com.co\/?page_id=299\" \/>\n<meta property=\"og:site_name\" content=\"vithi.com.co\" \/>\n<meta property=\"article:publisher\" content=\"https:\/\/www.facebook.com\/vithi.activewear\/\" \/>\n<meta property=\"article:modified_time\" content=\"2023-05-31T17:42:12+00:00\" \/>\n<meta property=\"og:image\" content=\"http:\/\/vithi.com.co\/wp-content\/uploads\/2023\/05\/WhatsApp-Image-2023-05-30-at-8.10.34-PM-768x1024.jpeg\" \/>\n<meta name=\"twitter:card\" content=\"summary_large_image\" \/>\n<meta name=\"twitter:label1\" content=\"Tiempo estimado de lectura\" \/>\n\t<meta name=\"twitter:data1\" content=\"1 minuto\" \/>\n<script type=\"application\/ld+json\" class=\"yoast-schema-graph\">{\"@context\":\"https:\/\/schema.org\",\"@graph\":[{\"@type\":\"WebPage\",\"@id\":\"https:\/\/vithi.com.co\/?page_id=299\",\"url\":\"https:\/\/vithi.com.co\/?page_id=299\",\"name\":\"Nosotros - vithi.com.co\",\"isPartOf\":{\"@id\":\"https:\/\/vithi.com.co\/#website\"},\"datePublished\":\"2023-05-31T01:08:53+00:00\",\"dateModified\":\"2023-05-31T17:42:12+00:00\",\"breadcrumb\":{\"@id\":\"https:\/\/vithi.com.co\/?page_id=299#breadcrumb\"},\"inLanguage\":\"es-CO\",\"potentialAction\":[{\"@type\":\"ReadAction\",\"target\":[\"https:\/\/vithi.com.co\/?page_id=299\"]}]},{\"@type\":\"BreadcrumbList\",\"@id\":\"https:\/\/vithi.com.co\/?page_id=299#breadcrumb\",\"itemListElement\":[{\"@type\":\"ListItem\",\"position\":1,\"name\":\"Inicio\",\"item\":\"https:\/\/vithi.com.co\/\"},{\"@type\":\"ListItem\",\"position\":2,\"name\":\"Nosotros\"}]},{\"@type\":\"WebSite\",\"@id\":\"https:\/\/vithi.com.co\/#website\",\"url\":\"https:\/\/vithi.com.co\/\",\"name\":\"Vithi.com.co\",\"description\":\"\",\"publisher\":{\"@id\":\"https:\/\/vithi.com.co\/#organization\"},\"potentialAction\":[{\"@type\":\"SearchAction\",\"target\":{\"@type\":\"EntryPoint\",\"urlTemplate\":\"https:\/\/vithi.com.co\/?s={search_term_string}\"},\"query-input\":\"required name=search_term_string\"}],\"inLanguage\":\"es-CO\"},{\"@type\":\"Organization\",\"@id\":\"https:\/\/vithi.com.co\/#organization\",\"name\":\"Vithi\",\"url\":\"https:\/\/vithi.com.co\/\",\"logo\":{\"@type\":\"ImageObject\",\"inLanguage\":\"es-CO\",\"@id\":\"https:\/\/vithi.com.co\/#\/schema\/logo\/image\/\",\"url\":\"https:\/\/vithi.com.co\/wp-content\/uploads\/2023\/04\/cropped-LOGO-VITHI.png\",\"contentUrl\":\"https:\/\/vithi.com.co\/wp-content\/uploads\/2023\/04\/cropped-LOGO-VITHI.png\",\"width\":1080,\"height\":1080,\"caption\":\"Vithi\"},\"image\":{\"@id\":\"https:\/\/vithi.com.co\/#\/schema\/logo\/image\/\"},\"sameAs\":[\"https:\/\/www.facebook.com\/vithi.activewear\/\",\"https:\/\/www.instagram.com\/vithi.activewear\/\"]}]}<\/script>\n<!-- \/ Yoast SEO plugin. -->","yoast_head_json":{"title":"Nosotros - vithi.com.co","robots":{"index":"index","follow":"follow","max-snippet":"max-snippet:-1","max-image-preview":"max-image-preview:large","max-video-preview":"max-video-preview:-1"},"canonical":"https:\/\/vithi.com.co\/?page_id=299","og_locale":"es_ES","og_type":"article","og_title":"Nosotros - vithi.com.co","og_description":"\u00bfQui\u00e9nes somos? \u00a0 \u00a0 Vithi Activewear fue creada en el a\u00f1o 2019 por Sara Ricardo, una mujer madre de dos hermosos ni\u00f1os, apasionada por el deporte y la moda quien [&hellip;]","og_url":"https:\/\/vithi.com.co\/?page_id=299","og_site_name":"vithi.com.co","article_publisher":"https:\/\/www.facebook.com\/vithi.activewear\/","article_modified_time":"2023-05-31T17:42:12+00:00","og_image":[{"url":"http:\/\/vithi.com.co\/wp-content\/uploads\/2023\/05\/WhatsApp-Image-2023-05-30-at-8.10.34-PM-768x1024.jpeg"}],"twitter_card":"summary_large_image","twitter_misc":{"Tiempo estimado de lectura":"1 minuto"},"schema":{"@context":"https:\/\/schema.org","@graph":[{"@type":"WebPage","@id":"https:\/\/vithi.com.co\/?page_id=299","url":"https:\/\/vithi.com.co\/?page_id=299","name":"Nosotros - vithi.com.co","isPartOf":{"@id":"https:\/\/vithi.com.co\/#website"},"datePublished":"2023-05-31T01:08:53+00:00","dateModified":"2023-05-31T17:42:12+00:00","breadcrumb":{"@id":"https:\/\/vithi.com.co\/?page_id=299#breadcrumb"},"inLanguage":"es-CO","potentialAction":[{"@type":"ReadAction","target":["https:\/\/vithi.com.co\/?page_id=299"]}]},{"@type":"BreadcrumbList","@id":"https:\/\/vithi.com.co\/?page_id=299#breadcrumb","itemListElement":[{"@type":"ListItem","position":1,"name":"Inicio","item":"https:\/\/vithi.com.co\/"},{"@type":"ListItem","position":2,"name":"Nosotros"}]},{"@type":"WebSite","@id":"https:\/\/vithi.com.co\/#website","url":"https:\/\/vithi.com.co\/","name":"Vithi.com.co","description":"","publisher":{"@id":"https:\/\/vithi.com.co\/#organization"},"potentialAction":[{"@type":"SearchAction","target":{"@type":"EntryPoint","urlTemplate":"https:\/\/vithi.com.co\/?s={search_term_string}"},"query-input":"required name=search_term_string"}],"inLanguage":"es-CO"},{"@type":"Organization","@id":"https:\/\/vithi.com.co\/#organization","name":"Vithi","url":"https:\/\/vithi.com.co\/","logo":{"@type":"ImageObject","inLanguage":"es-CO","@id":"https:\/\/vithi.com.co\/#\/schema\/logo\/image\/","url":"https:\/\/vithi.com.co\/wp-content\/uploads\/2023\/04\/cropped-LOGO-VITHI.png","contentUrl":"https:\/\/vithi.com.co\/wp-content\/uploads\/2023\/04\/cropped-LOGO-VITHI.png","width":1080,"height":1080,"caption":"Vithi"},"image":{"@id":"https:\/\/vithi.com.co\/#\/schema\/logo\/image\/"},"sameAs":["https:\/\/www.facebook.com\/vithi.activewear\/","https:\/\/www.instagram.com\/vithi.activewear\/"]}]}},"_links":{"self":[{"href":"https:\/\/vithi.com.co\/index.php?rest_route=\/wp\/v2\/pages\/299"}],"collection":[{"href":"https:\/\/vithi.com.co\/index.php?rest_route=\/wp\/v2\/pages"}],"about":[{"href":"https:\/\/vithi.com.co\/index.php?rest_route=\/wp\/v2\/types\/page"}],"author":[{"embeddable":true,"href":"https:\/\/vithi.com.co\/index.php?rest_route=\/wp\/v2\/users\/1"}],"replies":[{"embeddable":true,"href":"https:\/\/vithi.com.co\/index.php?rest_route=%2Fwp%2Fv2%2Fcomments&post=299"}],"version-history":[{"count":11,"href":"https:\/\/vithi.com.co\/index.php?rest_route=\/wp\/v2\/pages\/299\/revisions"}],"predecessor-version":[{"id":369,"href":"https:\/\/vithi.com.co\/index.php?rest_route=\/wp\/v2\/pages\/299\/revisions\/369"}],"wp:attachment":[{"href":"https:\/\/vithi.com.co\/index.php?rest_route=%2Fwp%2Fv2%2Fmedia&parent=299"}],"curies":[{"name":"wp","href":"https:\/\/api.w.org\/{rel}","templated":true}]}}