{"id":2,"date":"2023-04-11T10:45:01","date_gmt":"2023-04-11T15:45:01","guid":{"rendered":"http:\/\/vithi.com.co\/?page_id=2"},"modified":"2024-04-03T10:10:39","modified_gmt":"2024-04-03T15:10:39","slug":"pagina-ejemplo","status":"publish","type":"page","link":"https:\/\/vithi.com.co\/","title":{"rendered":"Inicio"},"content":{"rendered":"\t\t<div data-elementor-type=\"wp-page\" data-elementor-id=\"2\" class=\"elementor elementor-2\">\n\t\t\t\t\t\t\t\t\t<section class=\"elementor-section elementor-top-section elementor-element elementor-element-485be88 elementor-section-boxed elementor-section-height-default elementor-section-height-default\" data-id=\"485be88\" data-element_type=\"section\">\n\t\t\t\t\t\t<div class=\"elementor-container elementor-column-gap-default\">\n\t\t\t\t\t<div class=\"elementor-column elementor-col-100 elementor-top-column elementor-element elementor-element-fcc901e\" data-id=\"fcc901e\" data-element_type=\"column\">\n\t\t\t<div class=\"elementor-widget-wrap elementor-element-populated\">\n\t\t\t\t\t\t\t\t<div class=\"elementor-element elementor-element-e4e9a37 elementor-widget elementor-widget-shortcode\" data-id=\"e4e9a37\" data-element_type=\"widget\" data-widget_type=\"shortcode.default\">\n\t\t\t\t<div class=\"elementor-widget-container\">\n\t\t\t\t\t<div class=\"elementor-shortcode\"><\/div>\n\t\t\t\t<\/div>\n\t\t\t\t<\/div>\n\t\t\t\t\t<\/div>\n\t\t<\/div>\n\t\t\t\t\t\t\t<\/div>\n\t\t<\/section>\n\t\t\t\t<section class=\"elementor-section elementor-top-section elementor-element elementor-element-51628cb elementor-section-boxed elementor-section-height-default elementor-section-height-default\" data-id=\"51628cb\" data-element_type=\"section\">\n\t\t\t\t\t\t<div class=\"elementor-container elementor-column-gap-default\">\n\t\t\t\t\t<div class=\"elementor-column elementor-col-100 elementor-top-column elementor-element elementor-element-9fcf67c\" data-id=\"9fcf67c\" data-element_type=\"column\">\n\t\t\t<div class=\"elementor-widget-wrap elementor-element-populated\">\n\t\t\t\t\t\t\t\t<div class=\"elementor-element elementor-element-234db79 elementor-widget elementor-widget-text-editor\" data-id=\"234db79\" data-element_type=\"widget\" data-widget_type=\"text-editor.default\">\n\t\t\t\t<div class=\"elementor-widget-container\">\n\t\t\t<style>\/*! elementor - v3.12.1 - 02-04-2023 *\/\n.elementor-widget-text-editor.elementor-drop-cap-view-stacked .elementor-drop-cap{background-color:#69727d;color:#fff}.elementor-widget-text-editor.elementor-drop-cap-view-framed .elementor-drop-cap{color:#69727d;border:3px solid;background-color:transparent}.elementor-widget-text-editor:not(.elementor-drop-cap-view-default) .elementor-drop-cap{margin-top:8px}.elementor-widget-text-editor:not(.elementor-drop-cap-view-default) .elementor-drop-cap-letter{width:1em;height:1em}.elementor-widget-text-editor .elementor-drop-cap{float:left;text-align:center;line-height:1;font-size:50px}.elementor-widget-text-editor .elementor-drop-cap-letter{display:inline-block}<\/style>\t\t\t\t<p>Marca de ropa deportiva creada pensando en las<\/p><p>necesidades de la mujer a la hora de entrenar<\/p>\t\t\t\t\t\t<\/div>\n\t\t\t\t<\/div>\n\t\t\t\t\t<\/div>\n\t\t<\/div>\n\t\t\t\t\t\t\t<\/div>\n\t\t<\/section>\n\t\t\t\t<section class=\"elementor-section elementor-top-section elementor-element elementor-element-5041ddb elementor-section-boxed elementor-section-height-default elementor-section-height-default\" data-id=\"5041ddb\" data-element_type=\"section\">\n\t\t\t\t\t\t<div class=\"elementor-container elementor-column-gap-default\">\n\t\t\t\t\t<div class=\"elementor-column elementor-col-25 elementor-top-column elementor-element elementor-element-3d205cc\" data-id=\"3d205cc\" data-element_type=\"column\">\n\t\t\t<div class=\"elementor-widget-wrap elementor-element-populated\">\n\t\t\t\t\t\t\t\t<div class=\"elementor-element elementor-element-6950fd3 elementor-widget elementor-widget-image\" data-id=\"6950fd3\" data-element_type=\"widget\" data-widget_type=\"image.default\">\n\t\t\t\t<div class=\"elementor-widget-container\">\n\t\t\t<style>\/*! elementor - v3.12.1 - 02-04-2023 *\/\n.elementor-widget-image{text-align:center}.elementor-widget-image a{display:inline-block}.elementor-widget-image a img[src$=\".svg\"]{width:48px}.elementor-widget-image img{vertical-align:middle;display:inline-block}<\/style>\t\t\t\t\t\t\t\t\t\t\t\t\t<a href=\"https:\/\/vithi.com.co\/?product_cat=legging\">\n\t\t\t\t\t\t\t<img decoding=\"async\" width=\"819\" height=\"1024\" src=\"https:\/\/vithi.com.co\/wp-content\/uploads\/2024\/04\/LEGGINGS-25-819x1024.png\" class=\"attachment-large size-large wp-image-738\" alt=\"\" loading=\"lazy\" srcset=\"https:\/\/vithi.com.co\/wp-content\/uploads\/2024\/04\/LEGGINGS-25-819x1024.png 819w, https:\/\/vithi.com.co\/wp-content\/uploads\/2024\/04\/LEGGINGS-25-240x300.png 240w, https:\/\/vithi.com.co\/wp-content\/uploads\/2024\/04\/LEGGINGS-25-768x960.png 768w, https:\/\/vithi.com.co\/wp-content\/uploads\/2024\/04\/LEGGINGS-25-920x1150.png 920w, https:\/\/vithi.com.co\/wp-content\/uploads\/2024\/04\/LEGGINGS-25-575x719.png 575w, https:\/\/vithi.com.co\/wp-content\/uploads\/2024\/04\/LEGGINGS-25-380x475.png 380w, https:\/\/vithi.com.co\/wp-content\/uploads\/2024\/04\/LEGGINGS-25-800x1000.png 800w, https:\/\/vithi.com.co\/wp-content\/uploads\/2024\/04\/LEGGINGS-25.png 1080w\" sizes=\"(max-width: 819px) 100vw, 819px\" \/>\t\t\t\t\t\t\t\t<\/a>\n\t\t\t\t\t\t\t\t\t\t\t\t\t\t\t<\/div>\n\t\t\t\t<\/div>\n\t\t\t\t\t<\/div>\n\t\t<\/div>\n\t\t\t\t<div class=\"elementor-column elementor-col-25 elementor-top-column elementor-element elementor-element-b12552c\" data-id=\"b12552c\" data-element_type=\"column\">\n\t\t\t<div class=\"elementor-widget-wrap elementor-element-populated\">\n\t\t\t\t\t\t\t\t<div class=\"elementor-element elementor-element-a8e0297 elementor-widget elementor-widget-image\" data-id=\"a8e0297\" data-element_type=\"widget\" data-widget_type=\"image.default\">\n\t\t\t\t<div class=\"elementor-widget-container\">\n\t\t\t\t\t\t\t\t\t\t\t\t\t\t\t\t<a href=\"https:\/\/vithi.com.co\/?product_cat=tops\">\n\t\t\t\t\t\t\t<img decoding=\"async\" width=\"819\" height=\"1024\" src=\"https:\/\/vithi.com.co\/wp-content\/uploads\/2024\/04\/LEGGINGS-24-819x1024.png\" class=\"attachment-large size-large wp-image-739\" alt=\"\" loading=\"lazy\" srcset=\"https:\/\/vithi.com.co\/wp-content\/uploads\/2024\/04\/LEGGINGS-24-819x1024.png 819w, https:\/\/vithi.com.co\/wp-content\/uploads\/2024\/04\/LEGGINGS-24-240x300.png 240w, https:\/\/vithi.com.co\/wp-content\/uploads\/2024\/04\/LEGGINGS-24-768x960.png 768w, https:\/\/vithi.com.co\/wp-content\/uploads\/2024\/04\/LEGGINGS-24-920x1150.png 920w, https:\/\/vithi.com.co\/wp-content\/uploads\/2024\/04\/LEGGINGS-24-575x719.png 575w, https:\/\/vithi.com.co\/wp-content\/uploads\/2024\/04\/LEGGINGS-24-380x475.png 380w, https:\/\/vithi.com.co\/wp-content\/uploads\/2024\/04\/LEGGINGS-24-800x1000.png 800w, https:\/\/vithi.com.co\/wp-content\/uploads\/2024\/04\/LEGGINGS-24.png 1080w\" sizes=\"(max-width: 819px) 100vw, 819px\" \/>\t\t\t\t\t\t\t\t<\/a>\n\t\t\t\t\t\t\t\t\t\t\t\t\t\t\t<\/div>\n\t\t\t\t<\/div>\n\t\t\t\t\t<\/div>\n\t\t<\/div>\n\t\t\t\t<div class=\"elementor-column elementor-col-25 elementor-top-column elementor-element elementor-element-8ca93ec\" data-id=\"8ca93ec\" data-element_type=\"column\">\n\t\t\t<div class=\"elementor-widget-wrap elementor-element-populated\">\n\t\t\t\t\t\t\t\t<div class=\"elementor-element elementor-element-ec59d67 elementor-widget elementor-widget-image\" data-id=\"ec59d67\" data-element_type=\"widget\" data-widget_type=\"image.default\">\n\t\t\t\t<div class=\"elementor-widget-container\">\n\t\t\t\t\t\t\t\t\t\t\t\t\t\t\t\t<a href=\"https:\/\/vithi.com.co\/?product_cat=licras-cortas\">\n\t\t\t\t\t\t\t<img decoding=\"async\" width=\"819\" height=\"1024\" src=\"https:\/\/vithi.com.co\/wp-content\/uploads\/2024\/04\/LEGGINGS-23-819x1024.png\" class=\"attachment-large size-large wp-image-740\" alt=\"\" loading=\"lazy\" srcset=\"https:\/\/vithi.com.co\/wp-content\/uploads\/2024\/04\/LEGGINGS-23-819x1024.png 819w, https:\/\/vithi.com.co\/wp-content\/uploads\/2024\/04\/LEGGINGS-23-240x300.png 240w, https:\/\/vithi.com.co\/wp-content\/uploads\/2024\/04\/LEGGINGS-23-768x960.png 768w, https:\/\/vithi.com.co\/wp-content\/uploads\/2024\/04\/LEGGINGS-23-920x1150.png 920w, https:\/\/vithi.com.co\/wp-content\/uploads\/2024\/04\/LEGGINGS-23-575x719.png 575w, https:\/\/vithi.com.co\/wp-content\/uploads\/2024\/04\/LEGGINGS-23-380x475.png 380w, https:\/\/vithi.com.co\/wp-content\/uploads\/2024\/04\/LEGGINGS-23-800x1000.png 800w, https:\/\/vithi.com.co\/wp-content\/uploads\/2024\/04\/LEGGINGS-23.png 1080w\" sizes=\"(max-width: 819px) 100vw, 819px\" \/>\t\t\t\t\t\t\t\t<\/a>\n\t\t\t\t\t\t\t\t\t\t\t\t\t\t\t<\/div>\n\t\t\t\t<\/div>\n\t\t\t\t\t<\/div>\n\t\t<\/div>\n\t\t\t\t<div class=\"elementor-column elementor-col-25 elementor-top-column elementor-element elementor-element-077bb1d\" data-id=\"077bb1d\" data-element_type=\"column\">\n\t\t\t<div class=\"elementor-widget-wrap elementor-element-populated\">\n\t\t\t\t\t\t\t\t<div class=\"elementor-element elementor-element-553f139 elementor-widget elementor-widget-image\" data-id=\"553f139\" data-element_type=\"widget\" data-widget_type=\"image.default\">\n\t\t\t\t<div class=\"elementor-widget-container\">\n\t\t\t\t\t\t\t\t\t\t\t\t\t\t\t\t<a href=\"https:\/\/vithi.com.co\/?product_cat=chaqueta\">\n\t\t\t\t\t\t\t<img decoding=\"async\" width=\"819\" height=\"1024\" src=\"https:\/\/vithi.com.co\/wp-content\/uploads\/2024\/04\/LEGGINGS-22-819x1024.png\" class=\"attachment-large size-large wp-image-737\" alt=\"\" loading=\"lazy\" srcset=\"https:\/\/vithi.com.co\/wp-content\/uploads\/2024\/04\/LEGGINGS-22-819x1024.png 819w, https:\/\/vithi.com.co\/wp-content\/uploads\/2024\/04\/LEGGINGS-22-240x300.png 240w, https:\/\/vithi.com.co\/wp-content\/uploads\/2024\/04\/LEGGINGS-22-768x960.png 768w, https:\/\/vithi.com.co\/wp-content\/uploads\/2024\/04\/LEGGINGS-22-920x1150.png 920w, https:\/\/vithi.com.co\/wp-content\/uploads\/2024\/04\/LEGGINGS-22-575x719.png 575w, https:\/\/vithi.com.co\/wp-content\/uploads\/2024\/04\/LEGGINGS-22-380x475.png 380w, https:\/\/vithi.com.co\/wp-content\/uploads\/2024\/04\/LEGGINGS-22-800x1000.png 800w, https:\/\/vithi.com.co\/wp-content\/uploads\/2024\/04\/LEGGINGS-22.png 1080w\" sizes=\"(max-width: 819px) 100vw, 819px\" \/>\t\t\t\t\t\t\t\t<\/a>\n\t\t\t\t\t\t\t\t\t\t\t\t\t\t\t<\/div>\n\t\t\t\t<\/div>\n\t\t\t\t\t<\/div>\n\t\t<\/div>\n\t\t\t\t\t\t\t<\/div>\n\t\t<\/section>\n\t\t\t\t<section class=\"elementor-section elementor-top-section elementor-element elementor-element-ded4aca elementor-section-boxed elementor-section-height-default elementor-section-height-default\" data-id=\"ded4aca\" data-element_type=\"section\">\n\t\t\t\t\t\t<div class=\"elementor-container elementor-column-gap-default\">\n\t\t\t\t\t<div class=\"elementor-column elementor-col-100 elementor-top-column elementor-element elementor-element-5c70e1b\" data-id=\"5c70e1b\" data-element_type=\"column\">\n\t\t\t<div class=\"elementor-widget-wrap elementor-element-populated\">\n\t\t\t\t\t\t\t\t<div class=\"elementor-element elementor-element-d2463e0 elementor-widget elementor-widget-spacer\" data-id=\"d2463e0\" data-element_type=\"widget\" data-widget_type=\"spacer.default\">\n\t\t\t\t<div class=\"elementor-widget-container\">\n\t\t\t<style>\/*! elementor - v3.12.1 - 02-04-2023 *\/\n.elementor-column .elementor-spacer-inner{height:var(--spacer-size)}.e-con{--container-widget-width:100%}.e-con-inner>.elementor-widget-spacer,.e-con>.elementor-widget-spacer{width:var(--container-widget-width,var(--spacer-size));--align-self:var(--container-widget-align-self,initial);--flex-shrink:0}.e-con-inner>.elementor-widget-spacer>.elementor-widget-container,.e-con-inner>.elementor-widget-spacer>.elementor-widget-container>.elementor-spacer,.e-con>.elementor-widget-spacer>.elementor-widget-container,.e-con>.elementor-widget-spacer>.elementor-widget-container>.elementor-spacer{height:100%}.e-con-inner>.elementor-widget-spacer>.elementor-widget-container>.elementor-spacer>.elementor-spacer-inner,.e-con>.elementor-widget-spacer>.elementor-widget-container>.elementor-spacer>.elementor-spacer-inner{height:var(--container-widget-height,var(--spacer-size))}<\/style>\t\t<div class=\"elementor-spacer\">\n\t\t\t<div class=\"elementor-spacer-inner\"><\/div>\n\t\t<\/div>\n\t\t\t\t<\/div>\n\t\t\t\t<\/div>\n\t\t\t\t\t<\/div>\n\t\t<\/div>\n\t\t\t\t\t\t\t<\/div>\n\t\t<\/section>\n\t\t\t\t<section class=\"elementor-section elementor-top-section elementor-element elementor-element-bfd1f7f elementor-section-boxed elementor-section-height-default elementor-section-height-default\" data-id=\"bfd1f7f\" data-element_type=\"section\">\n\t\t\t\t\t\t<div class=\"elementor-container elementor-column-gap-default\">\n\t\t\t\t\t<div class=\"elementor-column elementor-col-66 elementor-top-column elementor-element elementor-element-1b0e284\" data-id=\"1b0e284\" data-element_type=\"column\">\n\t\t\t<div class=\"elementor-widget-wrap elementor-element-populated\">\n\t\t\t\t\t\t\t\t<div class=\"elementor-element elementor-element-489458f elementor-widget elementor-widget-image\" data-id=\"489458f\" data-element_type=\"widget\" data-widget_type=\"image.default\">\n\t\t\t\t<div class=\"elementor-widget-container\">\n\t\t\t\t\t\t\t\t\t\t\t\t\t\t\t<img decoding=\"async\" width=\"1536\" height=\"1229\" src=\"https:\/\/vithi.com.co\/wp-content\/uploads\/2023\/04\/RIV_4722-1536x1229.jpg\" class=\"attachment-1536x1536 size-1536x1536 wp-image-47\" alt=\"\" loading=\"lazy\" srcset=\"https:\/\/vithi.com.co\/wp-content\/uploads\/2023\/04\/RIV_4722-1536x1229.jpg 1536w, https:\/\/vithi.com.co\/wp-content\/uploads\/2023\/04\/RIV_4722-300x240.jpg 300w, https:\/\/vithi.com.co\/wp-content\/uploads\/2023\/04\/RIV_4722-1024x819.jpg 1024w, https:\/\/vithi.com.co\/wp-content\/uploads\/2023\/04\/RIV_4722-768x614.jpg 768w, https:\/\/vithi.com.co\/wp-content\/uploads\/2023\/04\/RIV_4722-2048x1638.jpg 2048w, https:\/\/vithi.com.co\/wp-content\/uploads\/2023\/04\/RIV_4722-1140x912.jpg 1140w, https:\/\/vithi.com.co\/wp-content\/uploads\/2023\/04\/RIV_4722-920x736.jpg 920w, https:\/\/vithi.com.co\/wp-content\/uploads\/2023\/04\/RIV_4722-575x460.jpg 575w, https:\/\/vithi.com.co\/wp-content\/uploads\/2023\/04\/RIV_4722-380x304.jpg 380w, https:\/\/vithi.com.co\/wp-content\/uploads\/2023\/04\/RIV_4722-800x640.jpg 800w\" sizes=\"(max-width: 1536px) 100vw, 1536px\" \/>\t\t\t\t\t\t\t\t\t\t\t\t\t\t\t<\/div>\n\t\t\t\t<\/div>\n\t\t\t\t\t<\/div>\n\t\t<\/div>\n\t\t\t\t<div class=\"elementor-column elementor-col-33 elementor-top-column elementor-element elementor-element-afad195\" data-id=\"afad195\" data-element_type=\"column\">\n\t\t\t<div class=\"elementor-widget-wrap elementor-element-populated\">\n\t\t\t\t\t\t\t\t<div class=\"elementor-element elementor-element-aed6b4b elementor-widget elementor-widget-text-editor\" data-id=\"aed6b4b\" data-element_type=\"widget\" data-widget_type=\"text-editor.default\">\n\t\t\t\t<div class=\"elementor-widget-container\">\n\t\t\t\t\t\t\t<p>\u00a0<\/p><p>Vithi activewear fue creada en el a\u00f1o 2019 por Sara Ricardo, una mujer madre de dos hermosos ni\u00f1os, apasionada por el deporte y la moda quien junto\u2019 parte de sus dos pasiones y vio la necesidad de crear esta marca que trae consigo el nombre de sus hijos Victoria y Thiago.<\/p><p>Nuestras prendas est\u00e1n creadas y dise\u00f1adas para que al momento de entrenar o hacer tu actividad f\u00edsica te sientas c\u00f3moda, fresca y, sobre todo, luciendo hermosa y a la moda, con est\u00e1ndares de horma ideales para resaltar tu figura.<\/p>\t\t\t\t\t\t<\/div>\n\t\t\t\t<\/div>\n\t\t\t\t\t<\/div>\n\t\t<\/div>\n\t\t\t\t\t\t\t<\/div>\n\t\t<\/section>\n\t\t\t\t\t\t\t<\/div>\n\t\t","protected":false},"excerpt":{"rendered":"<p>Marca de ropa deportiva creada pensando en las necesidades de la mujer a la hora de entrenar \u00a0 Vithi activewear fue creada en el a\u00f1o 2019 por Sara Ricardo, una [&hellip;]<\/p>\n","protected":false},"author":1,"featured_media":0,"parent":0,"menu_order":0,"comment_status":"closed","ping_status":"open","template":"","meta":[],"yoast_head":"<!-- This site is optimized with the Yoast SEO plugin v21.1 - https:\/\/yoast.com\/wordpress\/plugins\/seo\/ -->\n<title>Inicio - vithi.com.co<\/title>\n<meta name=\"robots\" content=\"index, follow, max-snippet:-1, max-image-preview:large, max-video-preview:-1\" \/>\n<link rel=\"canonical\" href=\"https:\/\/vithi.com.co\/\" \/>\n<meta property=\"og:locale\" content=\"es_ES\" \/>\n<meta property=\"og:type\" content=\"article\" \/>\n<meta property=\"og:title\" content=\"Inicio - vithi.com.co\" \/>\n<meta property=\"og:description\" content=\"Marca de ropa deportiva creada pensando en las necesidades de la mujer a la hora de entrenar \u00a0 Vithi activewear fue creada en el a\u00f1o 2019 por Sara Ricardo, una [&hellip;]\" \/>\n<meta property=\"og:url\" content=\"https:\/\/vithi.com.co\/\" \/>\n<meta property=\"og:site_name\" content=\"vithi.com.co\" \/>\n<meta property=\"article:publisher\" content=\"https:\/\/www.facebook.com\/vithi.activewear\/\" \/>\n<meta property=\"article:modified_time\" content=\"2024-04-03T15:10:39+00:00\" \/>\n<meta property=\"og:image\" content=\"http:\/\/vithi.com.co\/wp-content\/uploads\/2024\/04\/LEGGINGS-25-819x1024.png\" \/>\n<meta name=\"twitter:card\" content=\"summary_large_image\" \/>\n<meta name=\"twitter:label1\" content=\"Tiempo estimado de lectura\" \/>\n\t<meta name=\"twitter:data1\" content=\"2 minutos\" \/>\n<script type=\"application\/ld+json\" class=\"yoast-schema-graph\">{\"@context\":\"https:\/\/schema.org\",\"@graph\":[{\"@type\":\"WebPage\",\"@id\":\"https:\/\/vithi.com.co\/\",\"url\":\"https:\/\/vithi.com.co\/\",\"name\":\"Inicio - vithi.com.co\",\"isPartOf\":{\"@id\":\"https:\/\/vithi.com.co\/#website\"},\"datePublished\":\"2023-04-11T15:45:01+00:00\",\"dateModified\":\"2024-04-03T15:10:39+00:00\",\"breadcrumb\":{\"@id\":\"https:\/\/vithi.com.co\/#breadcrumb\"},\"inLanguage\":\"es-CO\",\"potentialAction\":[{\"@type\":\"ReadAction\",\"target\":[\"https:\/\/vithi.com.co\/\"]}]},{\"@type\":\"BreadcrumbList\",\"@id\":\"https:\/\/vithi.com.co\/#breadcrumb\",\"itemListElement\":[{\"@type\":\"ListItem\",\"position\":1,\"name\":\"Inicio\",\"item\":\"https:\/\/vithi.com.co\/\"},{\"@type\":\"ListItem\",\"position\":2,\"name\":\"Inicio\"}]},{\"@type\":\"WebSite\",\"@id\":\"https:\/\/vithi.com.co\/#website\",\"url\":\"https:\/\/vithi.com.co\/\",\"name\":\"Vithi.com.co\",\"description\":\"\",\"publisher\":{\"@id\":\"https:\/\/vithi.com.co\/#organization\"},\"potentialAction\":[{\"@type\":\"SearchAction\",\"target\":{\"@type\":\"EntryPoint\",\"urlTemplate\":\"https:\/\/vithi.com.co\/?s={search_term_string}\"},\"query-input\":\"required name=search_term_string\"}],\"inLanguage\":\"es-CO\"},{\"@type\":\"Organization\",\"@id\":\"https:\/\/vithi.com.co\/#organization\",\"name\":\"Vithi\",\"url\":\"https:\/\/vithi.com.co\/\",\"logo\":{\"@type\":\"ImageObject\",\"inLanguage\":\"es-CO\",\"@id\":\"https:\/\/vithi.com.co\/#\/schema\/logo\/image\/\",\"url\":\"https:\/\/vithi.com.co\/wp-content\/uploads\/2023\/04\/cropped-LOGO-VITHI.png\",\"contentUrl\":\"https:\/\/vithi.com.co\/wp-content\/uploads\/2023\/04\/cropped-LOGO-VITHI.png\",\"width\":1080,\"height\":1080,\"caption\":\"Vithi\"},\"image\":{\"@id\":\"https:\/\/vithi.com.co\/#\/schema\/logo\/image\/\"},\"sameAs\":[\"https:\/\/www.facebook.com\/vithi.activewear\/\",\"https:\/\/www.instagram.com\/vithi.activewear\/\"]}]}<\/script>\n<!-- \/ Yoast SEO plugin. -->","yoast_head_json":{"title":"Inicio - vithi.com.co","robots":{"index":"index","follow":"follow","max-snippet":"max-snippet:-1","max-image-preview":"max-image-preview:large","max-video-preview":"max-video-preview:-1"},"canonical":"https:\/\/vithi.com.co\/","og_locale":"es_ES","og_type":"article","og_title":"Inicio - vithi.com.co","og_description":"Marca de ropa deportiva creada pensando en las necesidades de la mujer a la hora de entrenar \u00a0 Vithi activewear fue creada en el a\u00f1o 2019 por Sara Ricardo, una [&hellip;]","og_url":"https:\/\/vithi.com.co\/","og_site_name":"vithi.com.co","article_publisher":"https:\/\/www.facebook.com\/vithi.activewear\/","article_modified_time":"2024-04-03T15:10:39+00:00","og_image":[{"url":"http:\/\/vithi.com.co\/wp-content\/uploads\/2024\/04\/LEGGINGS-25-819x1024.png"}],"twitter_card":"summary_large_image","twitter_misc":{"Tiempo estimado de lectura":"2 minutos"},"schema":{"@context":"https:\/\/schema.org","@graph":[{"@type":"WebPage","@id":"https:\/\/vithi.com.co\/","url":"https:\/\/vithi.com.co\/","name":"Inicio - vithi.com.co","isPartOf":{"@id":"https:\/\/vithi.com.co\/#website"},"datePublished":"2023-04-11T15:45:01+00:00","dateModified":"2024-04-03T15:10:39+00:00","breadcrumb":{"@id":"https:\/\/vithi.com.co\/#breadcrumb"},"inLanguage":"es-CO","potentialAction":[{"@type":"ReadAction","target":["https:\/\/vithi.com.co\/"]}]},{"@type":"BreadcrumbList","@id":"https:\/\/vithi.com.co\/#breadcrumb","itemListElement":[{"@type":"ListItem","position":1,"name":"Inicio","item":"https:\/\/vithi.com.co\/"},{"@type":"ListItem","position":2,"name":"Inicio"}]},{"@type":"WebSite","@id":"https:\/\/vithi.com.co\/#website","url":"https:\/\/vithi.com.co\/","name":"Vithi.com.co","description":"","publisher":{"@id":"https:\/\/vithi.com.co\/#organization"},"potentialAction":[{"@type":"SearchAction","target":{"@type":"EntryPoint","urlTemplate":"https:\/\/vithi.com.co\/?s={search_term_string}"},"query-input":"required name=search_term_string"}],"inLanguage":"es-CO"},{"@type":"Organization","@id":"https:\/\/vithi.com.co\/#organization","name":"Vithi","url":"https:\/\/vithi.com.co\/","logo":{"@type":"ImageObject","inLanguage":"es-CO","@id":"https:\/\/vithi.com.co\/#\/schema\/logo\/image\/","url":"https:\/\/vithi.com.co\/wp-content\/uploads\/2023\/04\/cropped-LOGO-VITHI.png","contentUrl":"https:\/\/vithi.com.co\/wp-content\/uploads\/2023\/04\/cropped-LOGO-VITHI.png","width":1080,"height":1080,"caption":"Vithi"},"image":{"@id":"https:\/\/vithi.com.co\/#\/schema\/logo\/image\/"},"sameAs":["https:\/\/www.facebook.com\/vithi.activewear\/","https:\/\/www.instagram.com\/vithi.activewear\/"]}]}},"_links":{"self":[{"href":"https:\/\/vithi.com.co\/index.php?rest_route=\/wp\/v2\/pages\/2"}],"collection":[{"href":"https:\/\/vithi.com.co\/index.php?rest_route=\/wp\/v2\/pages"}],"about":[{"href":"https:\/\/vithi.com.co\/index.php?rest_route=\/wp\/v2\/types\/page"}],"author":[{"embeddable":true,"href":"https:\/\/vithi.com.co\/index.php?rest_route=\/wp\/v2\/users\/1"}],"replies":[{"embeddable":true,"href":"https:\/\/vithi.com.co\/index.php?rest_route=%2Fwp%2Fv2%2Fcomments&post=2"}],"version-history":[{"count":103,"href":"https:\/\/vithi.com.co\/index.php?rest_route=\/wp\/v2\/pages\/2\/revisions"}],"predecessor-version":[{"id":883,"href":"https:\/\/vithi.com.co\/index.php?rest_route=\/wp\/v2\/pages\/2\/revisions\/883"}],"wp:attachment":[{"href":"https:\/\/vithi.com.co\/index.php?rest_route=%2Fwp%2Fv2%2Fmedia&parent=2"}],"curies":[{"name":"wp","href":"https:\/\/api.w.org\/{rel}","templated":true}]}}